{"id":30709,"date":"2024-06-24T12:37:05","date_gmt":"2024-06-24T10:37:05","guid":{"rendered":"https:\/\/www.stoneandliving.com\/?page_id=30709"},"modified":"2024-08-26T16:11:41","modified_gmt":"2024-08-26T14:11:41","slug":"our-fee-structure","status":"publish","type":"page","link":"https:\/\/www.stoneandliving.com\/en\/our-fee-structure\/","title":{"rendered":"Our fee structure"},"content":{"rendered":"\t\t<div data-elementor-type=\"wp-page\" data-elementor-id=\"30709\" class=\"elementor elementor-30709 elementor-23998\" data-elementor-post-type=\"page\">\n\t\t\t\t<div class=\"elementor-element elementor-element-96b57da e-flex e-con-boxed wpr-particle-no wpr-jarallax-no wpr-parallax-no wpr-sticky-section-no e-con e-parent\" data-id=\"96b57da\" data-element_type=\"container\" data-e-type=\"container\">\n\t\t\t\t\t<div class=\"e-con-inner\">\n\t\t\t\t<div class=\"elementor-element elementor-element-45ed399 elementor-widget elementor-widget-heading\" data-id=\"45ed399\" data-element_type=\"widget\" data-e-type=\"widget\" data-widget_type=\"heading.default\">\n\t\t\t\t<div class=\"elementor-widget-container\">\n\t\t\t\t\t<h1 class=\"elementor-heading-title elementor-size-default\">Our fee structure<\/h1>\t\t\t\t<\/div>\n\t\t\t\t<\/div>\n\t\t\t\t\t<\/div>\n\t\t\t\t<\/div>\n\t\t<div class=\"elementor-element elementor-element-b42e623 e-flex e-con-boxed wpr-particle-no wpr-jarallax-no wpr-parallax-no wpr-sticky-section-no e-con e-parent\" data-id=\"b42e623\" data-element_type=\"container\" data-e-type=\"container\">\n\t\t\t\t\t<div class=\"e-con-inner\">\n\t\t<div class=\"elementor-element elementor-element-8dc8c68 e-con-full e-flex wpr-particle-no wpr-jarallax-no wpr-parallax-no wpr-sticky-section-no e-con e-child\" data-id=\"8dc8c68\" data-element_type=\"container\" data-e-type=\"container\" data-settings=\"{&quot;background_background&quot;:&quot;classic&quot;}\">\n\t\t<div class=\"elementor-element elementor-element-ee24fae e-con-full e-flex wpr-particle-no wpr-jarallax-no wpr-parallax-no wpr-sticky-section-no e-con e-child\" data-id=\"ee24fae\" data-element_type=\"container\" data-e-type=\"container\">\n\t\t\t\t<div class=\"elementor-element elementor-element-1bf3e28 elementor-widget elementor-widget-heading\" data-id=\"1bf3e28\" data-element_type=\"widget\" data-e-type=\"widget\" data-widget_type=\"heading.default\">\n\t\t\t\t<div class=\"elementor-widget-container\">\n\t\t\t\t\t<h2 class=\"elementor-heading-title elementor-size-default\">La<\/h2>\t\t\t\t<\/div>\n\t\t\t\t<\/div>\n\t\t\t\t<div class=\"elementor-element elementor-element-e5f4179 elementor-widget elementor-widget-heading\" data-id=\"e5f4179\" data-element_type=\"widget\" data-e-type=\"widget\" data-widget_type=\"heading.default\">\n\t\t\t\t<div class=\"elementor-widget-container\">\n\t\t\t\t\t<h2 class=\"elementor-heading-title elementor-size-default\">vente<\/h2>\t\t\t\t<\/div>\n\t\t\t\t<\/div>\n\t\t\t\t<\/div>\n\t\t<div class=\"elementor-element elementor-element-7e94ed5 e-con-full e-flex wpr-particle-no wpr-jarallax-no wpr-parallax-no wpr-sticky-section-no e-con e-child\" data-id=\"7e94ed5\" data-element_type=\"container\" data-e-type=\"container\">\n\t\t\t\t<\/div>\n\t\t\t\t<\/div>\n\t\t<div class=\"elementor-element elementor-element-64ca7ba e-con-full e-flex wpr-particle-no wpr-jarallax-no wpr-parallax-no wpr-sticky-section-no e-con e-child\" data-id=\"64ca7ba\" data-element_type=\"container\" data-e-type=\"container\">\n\t\t<div class=\"elementor-element elementor-element-b49ec68 e-con-full e-flex wpr-particle-no wpr-jarallax-no wpr-parallax-no wpr-sticky-section-no e-con e-child\" data-id=\"b49ec68\" data-element_type=\"container\" data-e-type=\"container\">\n\t\t\t\t<div class=\"elementor-element elementor-element-2af0a21 elementor-widget__width-initial elementor-widget elementor-widget-text-editor\" data-id=\"2af0a21\" data-element_type=\"widget\" data-e-type=\"widget\" data-widget_type=\"text-editor.default\">\n\t\t\t\t<div class=\"elementor-widget-container\">\n\t\t\t\t\t\t\t\t\t<p>Type de mandat:\u00a0<strong>Tous types de mandat<\/strong><\/p>\n<p>\u00a0<\/p>\n<ul>\n<li><strong>4% HT<\/strong>\u00a0du prix net vendeur pour tout mandat<strong>\u00a0EXCLUSIF<\/strong><\/li>\n<li><strong>5%<\/strong>\u00a0<strong>HT<\/strong>\u00a0du prix net vendeur pour tout mandat\u00a0<strong>SIMPLE<\/strong>,<\/li>\n<\/ul>\n<p>\u00a0<\/p>\n<p>Forfait de 7000 \u20ac HT pour toutes ventes entre 100000\u20ac et 160000\u20ac.<\/p>\n<p>\u00a0<\/p>\n<p>Minimum d\u2019honoraires de 5000\u20ac HT pour toutes ventes inf\u00e9rieures \u00e0 100000\u20ac.<\/p>\t\t\t\t\t\t\t\t<\/div>\n\t\t\t\t<\/div>\n\t\t\t\t<\/div>\n\t\t<div class=\"elementor-element elementor-element-e93cbdf e-con-full e-flex wpr-particle-no wpr-jarallax-no wpr-parallax-no wpr-sticky-section-no e-con e-child\" data-id=\"e93cbdf\" data-element_type=\"container\" data-e-type=\"container\" data-settings=\"{&quot;background_background&quot;:&quot;classic&quot;}\">\n\t\t\t\t<\/div>\n\t\t\t\t<\/div>\n\t\t\t\t\t<\/div>\n\t\t\t\t<\/div>\n\t\t<div class=\"elementor-element elementor-element-c562f25 e-flex e-con-boxed wpr-particle-no wpr-jarallax-no wpr-parallax-no wpr-sticky-section-no e-con e-parent\" data-id=\"c562f25\" data-element_type=\"container\" data-e-type=\"container\">\n\t\t\t\t\t<div class=\"e-con-inner\">\n\t\t<div class=\"elementor-element elementor-element-7cee365 e-con-full e-flex wpr-particle-no wpr-jarallax-no wpr-parallax-no wpr-sticky-section-no e-con e-child\" data-id=\"7cee365\" data-element_type=\"container\" data-e-type=\"container\">\n\t\t\t\t<div class=\"elementor-element elementor-element-16e0d64 elementor-widget__width-initial elementor-widget elementor-widget-text-editor\" data-id=\"16e0d64\" data-element_type=\"widget\" data-e-type=\"widget\" data-widget_type=\"text-editor.default\">\n\t\t\t\t<div class=\"elementor-widget-container\">\n\t\t\t\t\t\t\t\t\t<p>En zone tendue:<\/p>\n<p>\u00a0<\/p>\n<p><strong><u>Honoraires TTC \u00e0 la charge du locataire :<\/u><\/strong><\/p>\n<p>\u00a0<\/p>\n<ul>\n<li>honoraires de visite, de constitution du dossier du locataire et de r\u00e9daction du bail : soit 10\u20ac TTC par m2 de surface habitable (\u00e0 r\u00e9gler au moment de la signature du bail)<\/li>\n<li>honoraires de r\u00e9alisation de l\u2019\u00e9tat des lieux : soit 3\u20ac TTC par m2 de surface habitable (honoraires d\u2019\u00e9tat des lieux \u00e0 r\u00e9gler au moment de l\u2019\u00e9tat des lieux)<\/li>\n<\/ul>\n<p>\u00a0<\/p>\n<p><strong><u>Honoraires TTC \u00e0 la charge du bailleur :<\/u><\/strong><\/p>\n<ul>\n<li>honoraires d\u2019entremise et de n\u00e9gociation : 60 \u20ac (\u00e0 r\u00e9gler au moment de la signature du bail)<\/li>\n<li>honoraires de visite, de constitution du dossier du locataire et de r\u00e9daction du bail : soit 10\u20ac TTC par m2 de surface habitable (\u00e0 r\u00e9gler au moment de la signature du bail)<\/li>\n<li>honoraires de r\u00e9alisation de l\u2019\u00e9tat des lieux : soit 3\u20ac TTC par m2 de surface habitable (honoraires d\u2019\u00e9tat des lieux \u00e0 r\u00e9gler au moment de l\u2019\u00e9tat des lieux)<\/li>\n<\/ul>\n<p>\u00a0<\/p>\n<p><strong><u>Honoraires \u00a0gestion locative TTC \u00e0 la charge du bailleur :<\/u><\/strong><\/p>\n<p>\u00a0<\/p>\n<ul>\n<li>6% TTC sur la totalit\u00e9 des encaissements<\/li>\n<\/ul>\t\t\t\t\t\t\t\t<\/div>\n\t\t\t\t<\/div>\n\t\t\t\t<\/div>\n\t\t<div class=\"elementor-element elementor-element-4335608 e-con-full e-flex wpr-particle-no wpr-jarallax-no wpr-parallax-no wpr-sticky-section-no e-con e-child\" data-id=\"4335608\" data-element_type=\"container\" data-e-type=\"container\" data-settings=\"{&quot;background_background&quot;:&quot;classic&quot;}\">\n\t\t<div class=\"elementor-element elementor-element-a146f50 e-con-full e-flex wpr-particle-no wpr-jarallax-no wpr-parallax-no wpr-sticky-section-no e-con e-child\" data-id=\"a146f50\" data-element_type=\"container\" data-e-type=\"container\">\n\t\t\t\t<div class=\"elementor-element elementor-element-9c44856 elementor-widget elementor-widget-heading\" data-id=\"9c44856\" data-element_type=\"widget\" data-e-type=\"widget\" data-widget_type=\"heading.default\">\n\t\t\t\t<div class=\"elementor-widget-container\">\n\t\t\t\t\t<h2 class=\"elementor-heading-title elementor-size-default\">La<\/h2>\t\t\t\t<\/div>\n\t\t\t\t<\/div>\n\t\t\t\t<div class=\"elementor-element elementor-element-8801c85 elementor-widget elementor-widget-heading\" data-id=\"8801c85\" data-element_type=\"widget\" data-e-type=\"widget\" data-widget_type=\"heading.default\">\n\t\t\t\t<div class=\"elementor-widget-container\">\n\t\t\t\t\t<h2 class=\"elementor-heading-title elementor-size-default\">Location<\/h2>\t\t\t\t<\/div>\n\t\t\t\t<\/div>\n\t\t\t\t<\/div>\n\t\t<div class=\"elementor-element elementor-element-ff37329 e-con-full e-flex wpr-particle-no wpr-jarallax-no wpr-parallax-no wpr-sticky-section-no e-con e-child\" data-id=\"ff37329\" data-element_type=\"container\" data-e-type=\"container\">\n\t\t\t\t<\/div>\n\t\t\t\t<\/div>\n\t\t\t\t\t<\/div>\n\t\t\t\t<\/div>\n\t\t<div class=\"elementor-element elementor-element-d388e16 e-flex e-con-boxed wpr-particle-no wpr-jarallax-no wpr-parallax-no wpr-sticky-section-no e-con e-parent\" data-id=\"d388e16\" data-element_type=\"container\" data-e-type=\"container\">\n\t\t\t\t\t<div class=\"e-con-inner\">\n\t\t<div class=\"elementor-element elementor-element-f142446 e-con-full e-flex wpr-particle-no wpr-jarallax-no wpr-parallax-no wpr-sticky-section-no e-con e-child\" data-id=\"f142446\" data-element_type=\"container\" data-e-type=\"container\" data-settings=\"{&quot;background_background&quot;:&quot;classic&quot;}\">\n\t\t<div class=\"elementor-element elementor-element-10c4054 e-con-full e-flex wpr-particle-no wpr-jarallax-no wpr-parallax-no wpr-sticky-section-no e-con e-child\" data-id=\"10c4054\" data-element_type=\"container\" data-e-type=\"container\">\n\t\t\t\t<div class=\"elementor-element elementor-element-66eedbc elementor-widget elementor-widget-heading\" data-id=\"66eedbc\" data-element_type=\"widget\" data-e-type=\"widget\" data-widget_type=\"heading.default\">\n\t\t\t\t<div class=\"elementor-widget-container\">\n\t\t\t\t\t<h2 class=\"elementor-heading-title elementor-size-default\">La vente<\/h2>\t\t\t\t<\/div>\n\t\t\t\t<\/div>\n\t\t\t\t<div class=\"elementor-element elementor-element-9a5da35 elementor-widget elementor-widget-heading\" data-id=\"9a5da35\" data-element_type=\"widget\" data-e-type=\"widget\" data-widget_type=\"heading.default\">\n\t\t\t\t<div class=\"elementor-widget-container\">\n\t\t\t\t\t<h2 class=\"elementor-heading-title elementor-size-default\">Immobilier<br \/>Professionnel<\/h2>\t\t\t\t<\/div>\n\t\t\t\t<\/div>\n\t\t\t\t<\/div>\n\t\t<div class=\"elementor-element elementor-element-b2bcb98 e-con-full e-flex wpr-particle-no wpr-jarallax-no wpr-parallax-no wpr-sticky-section-no e-con e-child\" data-id=\"b2bcb98\" data-element_type=\"container\" data-e-type=\"container\">\n\t\t\t\t<\/div>\n\t\t\t\t<\/div>\n\t\t<div class=\"elementor-element elementor-element-e12e7ba e-con-full e-flex wpr-particle-no wpr-jarallax-no wpr-parallax-no wpr-sticky-section-no e-con e-child\" data-id=\"e12e7ba\" data-element_type=\"container\" data-e-type=\"container\">\n\t\t\t\t<div class=\"elementor-element elementor-element-2db8532 elementor-widget__width-inherit elementor-widget elementor-widget-text-editor\" data-id=\"2db8532\" data-element_type=\"widget\" data-e-type=\"widget\" data-widget_type=\"text-editor.default\">\n\t\t\t\t<div class=\"elementor-widget-container\">\n\t\t\t\t\t\t\t\t\t<p>Type de mandat:\u00a0<strong>Tous types de mandat<\/strong><\/p>\n<p>\u00a0<\/p>\n<ul>\n<li><strong>6% HT+ TVA\u00a0<\/strong>du prix net vendeur pour tout mandat<strong>\u00a0EXCLUSIF<\/strong><\/li>\n<li><strong>7%<\/strong>\u00a0<strong>HT+ TVA<\/strong>\u00a0du prix net vendeur pour tout mandat\u00a0<strong>SIMPLE<\/strong><\/li>\n<\/ul>\t\t\t\t\t\t\t\t<\/div>\n\t\t\t\t<\/div>\n\t\t\t\t<\/div>\n\t\t\t\t\t<\/div>\n\t\t\t\t<\/div>\n\t\t\t\t<\/div>\n\t\t","protected":false},"excerpt":{"rendered":"<p>Our fee structure La vente Type de mandat:\u00a0Tous types de mandat \u00a0 4% HT\u00a0du prix net vendeur pour tout mandat\u00a0EXCLUSIF 5%\u00a0HT\u00a0du prix net vendeur pour tout mandat\u00a0SIMPLE, \u00a0 Forfait de 7000 \u20ac HT pour toutes ventes entre 100000\u20ac et 160000\u20ac. \u00a0 Minimum d\u2019honoraires de 5000\u20ac HT pour toutes ventes inf\u00e9rieures \u00e0 100000\u20ac. En zone tendue: \u00a0 Honoraires TTC \u00e0 la charge du locataire : &#8230;<\/p>\n","protected":false},"author":13,"featured_media":0,"parent":0,"menu_order":0,"comment_status":"closed","ping_status":"open","template":"elementor_header_footer","meta":{"footnotes":""},"class_list":["post-30709","page","type-page","status-publish","hentry"],"yoast_head":"<!-- This site is optimized with the Yoast SEO plugin v27.0 - https:\/\/yoast.com\/product\/yoast-seo-wordpress\/ -->\n<title>Our fee structure | Stone &amp; Living Real Estate Agency<\/title>\n<meta name=\"robots\" content=\"index, follow, max-snippet:-1, max-image-preview:large, max-video-preview:-1\" \/>\n<link rel=\"canonical\" href=\"https:\/\/www.stoneandliving.com\/en\/our-fee-structure\/\" \/>\n<meta property=\"og:locale\" content=\"en_US\" \/>\n<meta property=\"og:type\" content=\"article\" \/>\n<meta property=\"og:title\" content=\"Our fee structure | Stone &amp; Living Real Estate Agency\" \/>\n<meta property=\"og:description\" content=\"Our fee structure La vente Type de mandat:\u00a0Tous types de mandat \u00a0 4% HT\u00a0du prix net vendeur pour tout mandat\u00a0EXCLUSIF 5%\u00a0HT\u00a0du prix net vendeur pour tout mandat\u00a0SIMPLE, \u00a0 Forfait de 7000 \u20ac HT pour toutes ventes entre 100000\u20ac et 160000\u20ac. \u00a0 Minimum d\u2019honoraires de 5000\u20ac HT pour toutes ventes inf\u00e9rieures \u00e0 100000\u20ac. En zone tendue: \u00a0 Honoraires TTC \u00e0 la charge du locataire : ...\" \/>\n<meta property=\"og:url\" content=\"https:\/\/www.stoneandliving.com\/en\/our-fee-structure\/\" \/>\n<meta property=\"og:site_name\" content=\"Stone &amp; Living Real Estate Agency\" \/>\n<meta property=\"article:modified_time\" content=\"2024-08-26T14:11:41+00:00\" \/>\n<meta property=\"og:image\" content=\"https:\/\/www.stoneandliving.com\/wp-content\/uploads\/2024\/07\/Esperluette_StoneLiving_Jaune.png\" \/>\n\t<meta property=\"og:image:width\" content=\"790\" \/>\n\t<meta property=\"og:image:height\" content=\"770\" \/>\n\t<meta property=\"og:image:type\" content=\"image\/png\" \/>\n<meta name=\"twitter:card\" content=\"summary_large_image\" \/>\n<meta name=\"twitter:label1\" content=\"Est. reading time\" \/>\n\t<meta name=\"twitter:data1\" content=\"2 minutes\" \/>\n<script type=\"application\/ld+json\" class=\"yoast-schema-graph\">{\"@context\":\"https:\/\/schema.org\",\"@graph\":[{\"@type\":\"WebPage\",\"@id\":\"https:\/\/www.stoneandliving.com\/en\/our-fee-structure\/\",\"url\":\"https:\/\/www.stoneandliving.com\/en\/our-fee-structure\/\",\"name\":\"Our fee structure | Stone &amp; Living Real Estate Agency\",\"isPartOf\":{\"@id\":\"https:\/\/www.stoneandliving.com\/en\/#website\"},\"datePublished\":\"2024-06-24T10:37:05+00:00\",\"dateModified\":\"2024-08-26T14:11:41+00:00\",\"breadcrumb\":{\"@id\":\"https:\/\/www.stoneandliving.com\/en\/our-fee-structure\/#breadcrumb\"},\"inLanguage\":\"en-US\",\"potentialAction\":[{\"@type\":\"ReadAction\",\"target\":[\"https:\/\/www.stoneandliving.com\/en\/our-fee-structure\/\"]}]},{\"@type\":\"BreadcrumbList\",\"@id\":\"https:\/\/www.stoneandliving.com\/en\/our-fee-structure\/#breadcrumb\",\"itemListElement\":[{\"@type\":\"ListItem\",\"position\":1,\"name\":\"Accueil\",\"item\":\"https:\/\/www.stoneandliving.com\/en\/\"},{\"@type\":\"ListItem\",\"position\":2,\"name\":\"Our fee structure\"}]},{\"@type\":\"WebSite\",\"@id\":\"https:\/\/www.stoneandliving.com\/en\/#website\",\"url\":\"https:\/\/www.stoneandliving.com\/en\/\",\"name\":\"Stone & Living\",\"description\":\"\",\"potentialAction\":[{\"@type\":\"SearchAction\",\"target\":{\"@type\":\"EntryPoint\",\"urlTemplate\":\"https:\/\/www.stoneandliving.com\/en\/?s={search_term_string}\"},\"query-input\":{\"@type\":\"PropertyValueSpecification\",\"valueRequired\":true,\"valueName\":\"search_term_string\"}}],\"inLanguage\":\"en-US\"}]}<\/script>\n<!-- \/ Yoast SEO plugin. -->","yoast_head_json":{"title":"Our fee structure | Stone &amp; Living Real Estate Agency","robots":{"index":"index","follow":"follow","max-snippet":"max-snippet:-1","max-image-preview":"max-image-preview:large","max-video-preview":"max-video-preview:-1"},"canonical":"https:\/\/www.stoneandliving.com\/en\/our-fee-structure\/","og_locale":"en_US","og_type":"article","og_title":"Our fee structure | Stone &amp; Living Real Estate Agency","og_description":"Our fee structure La vente Type de mandat:\u00a0Tous types de mandat \u00a0 4% HT\u00a0du prix net vendeur pour tout mandat\u00a0EXCLUSIF 5%\u00a0HT\u00a0du prix net vendeur pour tout mandat\u00a0SIMPLE, \u00a0 Forfait de 7000 \u20ac HT pour toutes ventes entre 100000\u20ac et 160000\u20ac. \u00a0 Minimum d\u2019honoraires de 5000\u20ac HT pour toutes ventes inf\u00e9rieures \u00e0 100000\u20ac. En zone tendue: \u00a0 Honoraires TTC \u00e0 la charge du locataire : ...","og_url":"https:\/\/www.stoneandliving.com\/en\/our-fee-structure\/","og_site_name":"Stone &amp; Living Real Estate Agency","article_modified_time":"2024-08-26T14:11:41+00:00","og_image":[{"width":790,"height":770,"url":"https:\/\/www.stoneandliving.com\/wp-content\/uploads\/2024\/07\/Esperluette_StoneLiving_Jaune.png","type":"image\/png"}],"twitter_card":"summary_large_image","twitter_misc":{"Est. reading time":"2 minutes"},"schema":{"@context":"https:\/\/schema.org","@graph":[{"@type":"WebPage","@id":"https:\/\/www.stoneandliving.com\/en\/our-fee-structure\/","url":"https:\/\/www.stoneandliving.com\/en\/our-fee-structure\/","name":"Our fee structure | Stone &amp; Living Real Estate Agency","isPartOf":{"@id":"https:\/\/www.stoneandliving.com\/en\/#website"},"datePublished":"2024-06-24T10:37:05+00:00","dateModified":"2024-08-26T14:11:41+00:00","breadcrumb":{"@id":"https:\/\/www.stoneandliving.com\/en\/our-fee-structure\/#breadcrumb"},"inLanguage":"en-US","potentialAction":[{"@type":"ReadAction","target":["https:\/\/www.stoneandliving.com\/en\/our-fee-structure\/"]}]},{"@type":"BreadcrumbList","@id":"https:\/\/www.stoneandliving.com\/en\/our-fee-structure\/#breadcrumb","itemListElement":[{"@type":"ListItem","position":1,"name":"Accueil","item":"https:\/\/www.stoneandliving.com\/en\/"},{"@type":"ListItem","position":2,"name":"Our fee structure"}]},{"@type":"WebSite","@id":"https:\/\/www.stoneandliving.com\/en\/#website","url":"https:\/\/www.stoneandliving.com\/en\/","name":"Stone & Living","description":"","potentialAction":[{"@type":"SearchAction","target":{"@type":"EntryPoint","urlTemplate":"https:\/\/www.stoneandliving.com\/en\/?s={search_term_string}"},"query-input":{"@type":"PropertyValueSpecification","valueRequired":true,"valueName":"search_term_string"}}],"inLanguage":"en-US"}]}},"_links":{"self":[{"href":"https:\/\/www.stoneandliving.com\/en\/wp-json\/wp\/v2\/pages\/30709","targetHints":{"allow":["GET"]}}],"collection":[{"href":"https:\/\/www.stoneandliving.com\/en\/wp-json\/wp\/v2\/pages"}],"about":[{"href":"https:\/\/www.stoneandliving.com\/en\/wp-json\/wp\/v2\/types\/page"}],"author":[{"embeddable":true,"href":"https:\/\/www.stoneandliving.com\/en\/wp-json\/wp\/v2\/users\/13"}],"replies":[{"embeddable":true,"href":"https:\/\/www.stoneandliving.com\/en\/wp-json\/wp\/v2\/comments?post=30709"}],"version-history":[{"count":0,"href":"https:\/\/www.stoneandliving.com\/en\/wp-json\/wp\/v2\/pages\/30709\/revisions"}],"wp:attachment":[{"href":"https:\/\/www.stoneandliving.com\/en\/wp-json\/wp\/v2\/media?parent=30709"}],"curies":[{"name":"wp","href":"https:\/\/api.w.org\/{rel}","templated":true}]}}